{"id":17,"date":"2026-01-09T09:24:48","date_gmt":"2026-01-09T09:24:48","guid":{"rendered":"https:\/\/casaguo.rkinformatika.online\/?page_id=17"},"modified":"2026-01-09T11:44:36","modified_gmt":"2026-01-09T11:44:36","slug":"inicio","status":"publish","type":"page","link":"https:\/\/casaguo.com\/en\/","title":{"rendered":"Home"},"content":{"rendered":"<div data-elementor-type=\"wp-page\" data-elementor-id=\"17\" class=\"elementor elementor-17\" data-elementor-post-type=\"page\">\n\t\t\t\t<div class=\"elementor-element elementor-element-ad2d634 e-con-full e-flex e-con e-parent\" data-id=\"ad2d634\" data-element_type=\"container\" data-e-type=\"container\" data-settings=\"{&quot;background_background&quot;:&quot;classic&quot;}\">\n\t\t\t\t<\/div>\n\t\t<div class=\"elementor-element elementor-element-b6ec1c4 e-flex e-con-boxed e-con e-parent\" data-id=\"b6ec1c4\" data-element_type=\"container\" data-e-type=\"container\">\n\t\t\t\t\t<div class=\"e-con-inner\">\n\t\t<div class=\"elementor-element elementor-element-c7c5d35 e-con-full e-flex e-con e-child\" data-id=\"c7c5d35\" data-element_type=\"container\" data-e-type=\"container\">\n\t\t\t\t<div class=\"elementor-element elementor-element-496c050 elementor-widget elementor-widget-image\" data-id=\"496c050\" data-element_type=\"widget\" data-e-type=\"widget\" data-widget_type=\"image.default\">\n\t\t\t\t\t\t\t\t\t\t\t\t\t\t\t<img fetchpriority=\"high\" decoding=\"async\" width=\"800\" height=\"511\" src=\"https:\/\/casaguo.com\/wp-content\/uploads\/2026\/01\/ChatGPT-Image-Jan-9-2026-12_19_32-PM-e1767957800205.png\" class=\"attachment-large size-large wp-image-381\" alt=\"\" srcset=\"https:\/\/casaguo.com\/wp-content\/uploads\/2026\/01\/ChatGPT-Image-Jan-9-2026-12_19_32-PM-e1767957800205.png 1024w, https:\/\/casaguo.com\/wp-content\/uploads\/2026\/01\/ChatGPT-Image-Jan-9-2026-12_19_32-PM-e1767957800205-300x192.png 300w, https:\/\/casaguo.com\/wp-content\/uploads\/2026\/01\/ChatGPT-Image-Jan-9-2026-12_19_32-PM-e1767957800205-768x491.png 768w, https:\/\/casaguo.com\/wp-content\/uploads\/2026\/01\/ChatGPT-Image-Jan-9-2026-12_19_32-PM-e1767957800205-18x12.png 18w\" sizes=\"(max-width: 800px) 100vw, 800px\" \/>\t\t\t\t\t\t\t\t\t\t\t\t\t\t\t<\/div>\n\t\t\t\t<\/div>\n\t\t<div class=\"elementor-element elementor-element-4441dc6 e-con-full e-flex e-con e-child\" data-id=\"4441dc6\" data-element_type=\"container\" data-e-type=\"container\">\n\t\t\t\t<div class=\"elementor-element elementor-element-a70b4d7 elementor-widget elementor-widget-heading\" data-id=\"a70b4d7\" data-element_type=\"widget\" data-e-type=\"widget\" data-widget_type=\"heading.default\">\n\t\t\t\t\t<h2 class=\"elementor-heading-title elementor-size-default\">About Us<\/h2>\t\t\t\t<\/div>\n\t\t\t\t<div class=\"elementor-element elementor-element-a45d8ac elementor-widget elementor-widget-text-editor\" data-id=\"a45d8ac\" data-element_type=\"widget\" data-e-type=\"widget\" data-widget_type=\"text-editor.default\">\n\t\t\t\t\t\t\t\t\t<p>Casa Guo is a neighborhood grocery store in El Carmen, open since 2002. Here you will find all kinds of snacks, sweets, drinks and soft drinks, and if we don't have something, we'll get it and bring it to you.<\/p><p>We also offer mobile phone top-ups, digital content sales, and parcel delivery services through various carriers, and we're an Amazon Hub partner location in the neighborhood. A familiar shop, now with improved services to make your daily life easier.<\/p>\t\t\t\t\t\t\t\t<\/div>\n\t\t\t\t<\/div>\n\t\t\t\t\t<\/div>\n\t\t\t\t<\/div>\n\t\t<div class=\"elementor-element elementor-element-95bf7c9 e-flex e-con-boxed e-con e-parent\" data-id=\"95bf7c9\" data-element_type=\"container\" data-e-type=\"container\">\n\t\t\t\t\t<div class=\"e-con-inner\">\n\t\t<div class=\"elementor-element elementor-element-11dba63 e-con-full e-flex e-con e-child\" data-id=\"11dba63\" data-element_type=\"container\" data-e-type=\"container\" data-settings=\"{&quot;background_background&quot;:&quot;classic&quot;}\">\n\t\t\t\t<div class=\"elementor-element elementor-element-dcf7808 elementor-widget elementor-widget-heading\" data-id=\"dcf7808\" data-element_type=\"widget\" data-e-type=\"widget\" data-widget_type=\"heading.default\">\n\t\t\t\t\t<h2 class=\"elementor-heading-title elementor-size-default\">Are you looking for a specific drink or sweet treat?<\/h2>\t\t\t\t<\/div>\n\t\t\t\t<div class=\"elementor-element elementor-element-d911d6d elementor-widget elementor-widget-heading\" data-id=\"d911d6d\" data-element_type=\"widget\" data-e-type=\"widget\" data-widget_type=\"heading.default\">\n\t\t\t\t\t<h2 class=\"elementor-heading-title elementor-size-default\">Write to us and we'll bring it to you.<\/h2>\t\t\t\t<\/div>\n\t\t\t\t<div class=\"elementor-element elementor-element-d997732 elementor-widget elementor-widget-button\" data-id=\"d997732\" data-element_type=\"widget\" data-e-type=\"widget\" data-widget_type=\"button.default\">\n\t\t\t\t\t\t\t\t\t\t<a class=\"elementor-button elementor-button-link elementor-size-sm elementor-animation-wobble-horizontal\" href=\"\/en\/contacto\/\">\n\t\t\t\t\t\t<span class=\"elementor-button-content-wrapper\">\n\t\t\t\t\t\t\t\t\t<span class=\"elementor-button-text\">Contact us<\/span>\n\t\t\t\t\t<\/span>\n\t\t\t\t\t<\/a>\n\t\t\t\t\t\t\t\t<\/div>\n\t\t\t\t<\/div>\n\t\t\t\t\t<\/div>\n\t\t\t\t<\/div>\n\t\t\t\t<\/div>","protected":false},"excerpt":{"rendered":"<p>Sobre Nosotros Casa Guo es una tienda de alimentaci\u00f3n de barrio en el Carmen, abierta desde 2002. Aqu\u00ed encontrar\u00e1s todo tipo de snacks, dulces, bebidas y refrescos, y si algo no lo tenemos, lo conseguimos y lo traemos. Adem\u00e1s, ofrecemos recargas de m\u00f3vil, venta de contenido digital y servicio de paqueter\u00eda con distintas empresas, siendo [&hellip;]<\/p>\n","protected":false},"author":1,"featured_media":0,"parent":0,"menu_order":0,"comment_status":"closed","ping_status":"closed","template":"elementor_canvas","meta":{"footnotes":""},"class_list":["post-17","page","type-page","status-publish","hentry"],"yoast_head":"<!-- This site is optimized with the Yoast SEO plugin v27.4 - https:\/\/yoast.com\/product\/yoast-seo-wordpress\/ -->\n<title>Inicio - Casa Guo<\/title>\n<meta name=\"robots\" content=\"index, follow, max-snippet:-1, max-image-preview:large, max-video-preview:-1\" \/>\n<link rel=\"canonical\" href=\"https:\/\/casaguo.com\/en\/\" \/>\n<meta property=\"og:locale\" content=\"en_GB\" \/>\n<meta property=\"og:type\" content=\"article\" \/>\n<meta property=\"og:title\" content=\"Inicio - Casa Guo\" \/>\n<meta property=\"og:description\" content=\"Sobre Nosotros Casa Guo es una tienda de alimentaci\u00f3n de barrio en el Carmen, abierta desde 2002. Aqu\u00ed encontrar\u00e1s todo tipo de snacks, dulces, bebidas y refrescos, y si algo no lo tenemos, lo conseguimos y lo traemos. Adem\u00e1s, ofrecemos recargas de m\u00f3vil, venta de contenido digital y servicio de paqueter\u00eda con distintas empresas, siendo [&hellip;]\" \/>\n<meta property=\"og:url\" content=\"https:\/\/casaguo.com\/en\/\" \/>\n<meta property=\"og:site_name\" content=\"Casa Guo\" \/>\n<meta property=\"article:modified_time\" content=\"2026-01-09T11:44:36+00:00\" \/>\n<meta property=\"og:image\" content=\"https:\/\/casaguo.com\/wp-content\/uploads\/2026\/01\/ChatGPT-Image-Jan-9-2026-12_19_32-PM-e1767957800205.png\" \/>\n<meta name=\"twitter:card\" content=\"summary_large_image\" \/>\n<meta name=\"twitter:label1\" content=\"Estimated reading time\" \/>\n\t<meta name=\"twitter:data1\" content=\"1 minute\" \/>\n<script type=\"application\/ld+json\" class=\"yoast-schema-graph\">{\"@context\":\"https:\\\/\\\/schema.org\",\"@graph\":[{\"@type\":\"WebPage\",\"@id\":\"https:\\\/\\\/casaguo.com\\\/\",\"url\":\"https:\\\/\\\/casaguo.com\\\/\",\"name\":\"Inicio - Casa Guo\",\"isPartOf\":{\"@id\":\"https:\\\/\\\/casaguo.com\\\/#website\"},\"primaryImageOfPage\":{\"@id\":\"https:\\\/\\\/casaguo.com\\\/#primaryimage\"},\"image\":{\"@id\":\"https:\\\/\\\/casaguo.com\\\/#primaryimage\"},\"thumbnailUrl\":\"https:\\\/\\\/casaguo.com\\\/wp-content\\\/uploads\\\/2026\\\/01\\\/ChatGPT-Image-Jan-9-2026-12_19_32-PM-e1767957800205.png\",\"datePublished\":\"2026-01-09T09:24:48+00:00\",\"dateModified\":\"2026-01-09T11:44:36+00:00\",\"breadcrumb\":{\"@id\":\"https:\\\/\\\/casaguo.com\\\/#breadcrumb\"},\"inLanguage\":\"en-GB\",\"potentialAction\":[{\"@type\":\"ReadAction\",\"target\":[\"https:\\\/\\\/casaguo.com\\\/\"]}]},{\"@type\":\"ImageObject\",\"inLanguage\":\"en-GB\",\"@id\":\"https:\\\/\\\/casaguo.com\\\/#primaryimage\",\"url\":\"https:\\\/\\\/casaguo.com\\\/wp-content\\\/uploads\\\/2026\\\/01\\\/ChatGPT-Image-Jan-9-2026-12_19_32-PM-e1767957800205.png\",\"contentUrl\":\"https:\\\/\\\/casaguo.com\\\/wp-content\\\/uploads\\\/2026\\\/01\\\/ChatGPT-Image-Jan-9-2026-12_19_32-PM-e1767957800205.png\"},{\"@type\":\"BreadcrumbList\",\"@id\":\"https:\\\/\\\/casaguo.com\\\/#breadcrumb\",\"itemListElement\":[{\"@type\":\"ListItem\",\"position\":1,\"name\":\"Portada\",\"item\":\"https:\\\/\\\/casaguo.com\\\/\"},{\"@type\":\"ListItem\",\"position\":2,\"name\":\"Inicio\"}]},{\"@type\":\"WebSite\",\"@id\":\"https:\\\/\\\/casaguo.com\\\/#website\",\"url\":\"https:\\\/\\\/casaguo.com\\\/\",\"name\":\"Casa Guo\",\"description\":\"\",\"publisher\":{\"@id\":\"https:\\\/\\\/casaguo.com\\\/#organization\"},\"potentialAction\":[{\"@type\":\"SearchAction\",\"target\":{\"@type\":\"EntryPoint\",\"urlTemplate\":\"https:\\\/\\\/casaguo.com\\\/?s={search_term_string}\"},\"query-input\":{\"@type\":\"PropertyValueSpecification\",\"valueRequired\":true,\"valueName\":\"search_term_string\"}}],\"inLanguage\":\"en-GB\"},{\"@type\":\"Organization\",\"@id\":\"https:\\\/\\\/casaguo.com\\\/#organization\",\"name\":\"Casa Guo\",\"url\":\"https:\\\/\\\/casaguo.com\\\/\",\"logo\":{\"@type\":\"ImageObject\",\"inLanguage\":\"en-GB\",\"@id\":\"https:\\\/\\\/casaguo.com\\\/#\\\/schema\\\/logo\\\/image\\\/\",\"url\":\"https:\\\/\\\/casaguo.com\\\/wp-content\\\/uploads\\\/2026\\\/01\\\/cropped-ChatGPT-Image-Jan-9-2026-12_19_32-PM-e1767957800205.png\",\"contentUrl\":\"https:\\\/\\\/casaguo.com\\\/wp-content\\\/uploads\\\/2026\\\/01\\\/cropped-ChatGPT-Image-Jan-9-2026-12_19_32-PM-e1767957800205.png\",\"width\":1024,\"height\":654,\"caption\":\"Casa Guo\"},\"image\":{\"@id\":\"https:\\\/\\\/casaguo.com\\\/#\\\/schema\\\/logo\\\/image\\\/\"}}]}<\/script>\n<!-- \/ Yoast SEO plugin. -->","yoast_head_json":{"title":"Inicio - Casa Guo","robots":{"index":"index","follow":"follow","max-snippet":"max-snippet:-1","max-image-preview":"max-image-preview:large","max-video-preview":"max-video-preview:-1"},"canonical":"https:\/\/casaguo.com\/en\/","og_locale":"en_GB","og_type":"article","og_title":"Inicio - Casa Guo","og_description":"Sobre Nosotros Casa Guo es una tienda de alimentaci\u00f3n de barrio en el Carmen, abierta desde 2002. Aqu\u00ed encontrar\u00e1s todo tipo de snacks, dulces, bebidas y refrescos, y si algo no lo tenemos, lo conseguimos y lo traemos. Adem\u00e1s, ofrecemos recargas de m\u00f3vil, venta de contenido digital y servicio de paqueter\u00eda con distintas empresas, siendo [&hellip;]","og_url":"https:\/\/casaguo.com\/en\/","og_site_name":"Casa Guo","article_modified_time":"2026-01-09T11:44:36+00:00","og_image":[{"url":"https:\/\/casaguo.com\/wp-content\/uploads\/2026\/01\/ChatGPT-Image-Jan-9-2026-12_19_32-PM-e1767957800205.png","type":"","width":"","height":""}],"twitter_card":"summary_large_image","twitter_misc":{"Estimated reading time":"1 minute"},"schema":{"@context":"https:\/\/schema.org","@graph":[{"@type":"WebPage","@id":"https:\/\/casaguo.com\/","url":"https:\/\/casaguo.com\/","name":"Inicio - Casa Guo","isPartOf":{"@id":"https:\/\/casaguo.com\/#website"},"primaryImageOfPage":{"@id":"https:\/\/casaguo.com\/#primaryimage"},"image":{"@id":"https:\/\/casaguo.com\/#primaryimage"},"thumbnailUrl":"https:\/\/casaguo.com\/wp-content\/uploads\/2026\/01\/ChatGPT-Image-Jan-9-2026-12_19_32-PM-e1767957800205.png","datePublished":"2026-01-09T09:24:48+00:00","dateModified":"2026-01-09T11:44:36+00:00","breadcrumb":{"@id":"https:\/\/casaguo.com\/#breadcrumb"},"inLanguage":"en-GB","potentialAction":[{"@type":"ReadAction","target":["https:\/\/casaguo.com\/"]}]},{"@type":"ImageObject","inLanguage":"en-GB","@id":"https:\/\/casaguo.com\/#primaryimage","url":"https:\/\/casaguo.com\/wp-content\/uploads\/2026\/01\/ChatGPT-Image-Jan-9-2026-12_19_32-PM-e1767957800205.png","contentUrl":"https:\/\/casaguo.com\/wp-content\/uploads\/2026\/01\/ChatGPT-Image-Jan-9-2026-12_19_32-PM-e1767957800205.png"},{"@type":"BreadcrumbList","@id":"https:\/\/casaguo.com\/#breadcrumb","itemListElement":[{"@type":"ListItem","position":1,"name":"Portada","item":"https:\/\/casaguo.com\/"},{"@type":"ListItem","position":2,"name":"Inicio"}]},{"@type":"WebSite","@id":"https:\/\/casaguo.com\/#website","url":"https:\/\/casaguo.com\/","name":"Casa Guo","description":"","publisher":{"@id":"https:\/\/casaguo.com\/#organization"},"potentialAction":[{"@type":"SearchAction","target":{"@type":"EntryPoint","urlTemplate":"https:\/\/casaguo.com\/?s={search_term_string}"},"query-input":{"@type":"PropertyValueSpecification","valueRequired":true,"valueName":"search_term_string"}}],"inLanguage":"en-GB"},{"@type":"Organization","@id":"https:\/\/casaguo.com\/#organization","name":"Casa Guo","url":"https:\/\/casaguo.com\/","logo":{"@type":"ImageObject","inLanguage":"en-GB","@id":"https:\/\/casaguo.com\/#\/schema\/logo\/image\/","url":"https:\/\/casaguo.com\/wp-content\/uploads\/2026\/01\/cropped-ChatGPT-Image-Jan-9-2026-12_19_32-PM-e1767957800205.png","contentUrl":"https:\/\/casaguo.com\/wp-content\/uploads\/2026\/01\/cropped-ChatGPT-Image-Jan-9-2026-12_19_32-PM-e1767957800205.png","width":1024,"height":654,"caption":"Casa Guo"},"image":{"@id":"https:\/\/casaguo.com\/#\/schema\/logo\/image\/"}}]}},"_links":{"self":[{"href":"https:\/\/casaguo.com\/en\/wp-json\/wp\/v2\/pages\/17","targetHints":{"allow":["GET"]}}],"collection":[{"href":"https:\/\/casaguo.com\/en\/wp-json\/wp\/v2\/pages"}],"about":[{"href":"https:\/\/casaguo.com\/en\/wp-json\/wp\/v2\/types\/page"}],"author":[{"embeddable":true,"href":"https:\/\/casaguo.com\/en\/wp-json\/wp\/v2\/users\/1"}],"replies":[{"embeddable":true,"href":"https:\/\/casaguo.com\/en\/wp-json\/wp\/v2\/comments?post=17"}],"version-history":[{"count":114,"href":"https:\/\/casaguo.com\/en\/wp-json\/wp\/v2\/pages\/17\/revisions"}],"predecessor-version":[{"id":481,"href":"https:\/\/casaguo.com\/en\/wp-json\/wp\/v2\/pages\/17\/revisions\/481"}],"wp:attachment":[{"href":"https:\/\/casaguo.com\/en\/wp-json\/wp\/v2\/media?parent=17"}],"curies":[{"name":"wp","href":"https:\/\/api.w.org\/{rel}","templated":true}]}}