{"id":25,"date":"2026-01-09T09:26:26","date_gmt":"2026-01-09T09:26:26","guid":{"rendered":"https:\/\/casaguo.rkinformatika.online\/?page_id=25"},"modified":"2026-01-09T11:30:07","modified_gmt":"2026-01-09T11:30:07","slug":"servicios","status":"publish","type":"page","link":"https:\/\/casaguo.com\/en\/servicios\/","title":{"rendered":"Services"},"content":{"rendered":"<div data-elementor-type=\"wp-page\" data-elementor-id=\"25\" class=\"elementor elementor-25\" data-elementor-post-type=\"page\">\n\t\t\t\t<div class=\"elementor-element elementor-element-1f482aa e-flex e-con-boxed e-con e-parent\" data-id=\"1f482aa\" data-element_type=\"container\" data-e-type=\"container\" data-settings=\"{&quot;background_background&quot;:&quot;classic&quot;}\">\n\t\t\t\t\t<div class=\"e-con-inner\">\n\t\t\t\t\t<\/div>\n\t\t\t\t<\/div>\n\t\t<div class=\"elementor-element elementor-element-e8e2447 e-flex e-con-boxed e-con e-parent\" data-id=\"e8e2447\" data-element_type=\"container\" data-e-type=\"container\">\n\t\t\t\t\t<div class=\"e-con-inner\">\n\t\t<div class=\"elementor-element elementor-element-df36b07 e-con-full e-flex e-con e-child\" data-id=\"df36b07\" data-element_type=\"container\" data-e-type=\"container\">\n\t\t\t\t<div class=\"elementor-element elementor-element-de37090 elementor-widget elementor-widget-image\" data-id=\"de37090\" data-element_type=\"widget\" data-e-type=\"widget\" data-widget_type=\"image.default\">\n\t\t\t\t\t\t\t\t\t\t\t\t\t\t\t<img fetchpriority=\"high\" decoding=\"async\" width=\"800\" height=\"600\" src=\"https:\/\/casaguo.com\/wp-content\/uploads\/2026\/01\/IMG_4439-tomas-Zhu-Guo-1024x768.jpeg\" class=\"attachment-large size-large wp-image-270\" alt=\"\" srcset=\"https:\/\/casaguo.com\/wp-content\/uploads\/2026\/01\/IMG_4439-tomas-Zhu-Guo-1024x768.jpeg 1024w, https:\/\/casaguo.com\/wp-content\/uploads\/2026\/01\/IMG_4439-tomas-Zhu-Guo-300x225.jpeg 300w, https:\/\/casaguo.com\/wp-content\/uploads\/2026\/01\/IMG_4439-tomas-Zhu-Guo-768x576.jpeg 768w, https:\/\/casaguo.com\/wp-content\/uploads\/2026\/01\/IMG_4439-tomas-Zhu-Guo-1536x1152.jpeg 1536w, https:\/\/casaguo.com\/wp-content\/uploads\/2026\/01\/IMG_4439-tomas-Zhu-Guo-2048x1536.jpeg 2048w, https:\/\/casaguo.com\/wp-content\/uploads\/2026\/01\/IMG_4439-tomas-Zhu-Guo-16x12.jpeg 16w\" sizes=\"(max-width: 800px) 100vw, 800px\" \/>\t\t\t\t\t\t\t\t\t\t\t\t\t\t\t<\/div>\n\t\t\t\t<\/div>\n\t\t<div class=\"elementor-element elementor-element-ac8f733 e-con-full e-flex e-con e-child\" data-id=\"ac8f733\" data-element_type=\"container\" data-e-type=\"container\">\n\t\t\t\t<div class=\"elementor-element elementor-element-7132b3c elementor-widget elementor-widget-heading\" data-id=\"7132b3c\" data-element_type=\"widget\" data-e-type=\"widget\" data-widget_type=\"heading.default\">\n\t\t\t\t\t<h2 class=\"elementor-heading-title elementor-size-default\">Nuestros servicios<\/h2>\t\t\t\t<\/div>\n\t\t\t\t<div class=\"elementor-element elementor-element-866cc77 elementor-widget elementor-widget-text-editor\" data-id=\"866cc77\" data-element_type=\"widget\" data-e-type=\"widget\" data-widget_type=\"text-editor.default\">\n\t\t\t\t\t\t\t\t\t<p data-start=\"0\" data-end=\"218\">Somos una tienda de alimentaci\u00f3n del barrio del Carmen donde encontrar\u00e1s snacks, dulces, bebidas y refrescos de todo tipo. Si algo no lo tenemos, te lo traemos por encargo para que no tengas que buscarlo en otro sitio.<\/p><p data-start=\"220\" data-end=\"378\" data-is-last-node=\"\" data-is-only-node=\"\">Adem\u00e1s, realizamos recargas de m\u00f3vil y vendemos contenido digital, para que puedas resolverlo todo de forma r\u00e1pida y c\u00f3moda, con un trato cercano y de barrio.<\/p>\t\t\t\t\t\t\t\t<\/div>\n\t\t\t\t<div class=\"elementor-element elementor-element-319b970 elementor-widget elementor-widget-button\" data-id=\"319b970\" data-element_type=\"widget\" data-e-type=\"widget\" data-widget_type=\"button.default\">\n\t\t\t\t\t\t\t\t\t\t<a class=\"elementor-button elementor-button-link elementor-size-sm\" href=\"\/en\/contacto\/\">\n\t\t\t\t\t\t<span class=\"elementor-button-content-wrapper\">\n\t\t\t\t\t\t\t\t\t<span class=\"elementor-button-text\">Contact us<\/span>\n\t\t\t\t\t<\/span>\n\t\t\t\t\t<\/a>\n\t\t\t\t\t\t\t\t<\/div>\n\t\t\t\t<\/div>\n\t\t\t\t\t<\/div>\n\t\t\t\t<\/div>\n\t\t<div class=\"elementor-element elementor-element-5f9cde6 e-flex e-con-boxed e-con e-parent\" data-id=\"5f9cde6\" data-element_type=\"container\" data-e-type=\"container\">\n\t\t\t\t\t<div class=\"e-con-inner\">\n\t\t\t\t<div class=\"elementor-element elementor-element-3d6d25f elementor-widget elementor-widget-image-carousel\" data-id=\"3d6d25f\" data-element_type=\"widget\" data-e-type=\"widget\" data-settings=\"{&quot;slides_to_show&quot;:&quot;4&quot;,&quot;slides_to_show_tablet&quot;:&quot;3&quot;,&quot;slides_to_show_mobile&quot;:&quot;2&quot;,&quot;navigation&quot;:&quot;none&quot;,&quot;image_spacing_custom&quot;:{&quot;unit&quot;:&quot;px&quot;,&quot;size&quot;:10,&quot;sizes&quot;:[]},&quot;autoplay&quot;:&quot;yes&quot;,&quot;pause_on_hover&quot;:&quot;yes&quot;,&quot;pause_on_interaction&quot;:&quot;yes&quot;,&quot;autoplay_speed&quot;:5000,&quot;infinite&quot;:&quot;yes&quot;,&quot;speed&quot;:500,&quot;image_spacing_custom_tablet&quot;:{&quot;unit&quot;:&quot;px&quot;,&quot;size&quot;:&quot;&quot;,&quot;sizes&quot;:[]},&quot;image_spacing_custom_mobile&quot;:{&quot;unit&quot;:&quot;px&quot;,&quot;size&quot;:&quot;&quot;,&quot;sizes&quot;:[]}}\" data-widget_type=\"image-carousel.default\">\n\t\t\t\t\t\t\t<div class=\"elementor-image-carousel-wrapper swiper\" role=\"region\" aria-roledescription=\"carousel\" aria-label=\"Carrusel de im\u00e1genes\" dir=\"ltr\">\n\t\t\t<div class=\"elementor-image-carousel swiper-wrapper\" aria-live=\"off\">\n\t\t\t\t\t\t\t\t<div class=\"swiper-slide\" role=\"group\" aria-roledescription=\"slide\" aria-label=\"1 de 8\"><a data-elementor-open-lightbox=\"yes\" data-elementor-lightbox-slideshow=\"3d6d25f\" data-e-action-hash=\"#elementor-action%3Aaction%3Dlightbox%26settings%3DeyJpZCI6Mjc0LCJ1cmwiOiJodHRwczpcL1wvY2FzYWd1by5jb21cL3dwLWNvbnRlbnRcL3VwbG9hZHNcLzIwMjZcLzAxXC9JTUdfNDQ0MS10b21hcy1aaHUtR3VvLXNjYWxlZC5qcGVnIiwic2xpZGVzaG93IjoiM2Q2ZDI1ZiJ9\" href=\"https:\/\/casaguo.com\/wp-content\/uploads\/2026\/01\/IMG_4441-tomas-Zhu-Guo-scaled.jpeg\"><figure class=\"swiper-slide-inner\"><img decoding=\"async\" class=\"swiper-slide-image\" src=\"https:\/\/casaguo.com\/wp-content\/uploads\/elementor\/thumbs\/IMG_4441-tomas-Zhu-Guo-scaled-rhed6nzta6zecwki5bil9pfy5qxz1zfd4pwb02zpf4.jpeg\" alt=\"\" \/><\/figure><\/a><\/div><div class=\"swiper-slide\" role=\"group\" aria-roledescription=\"slide\" aria-label=\"2 de 8\"><a data-elementor-open-lightbox=\"yes\" data-elementor-lightbox-slideshow=\"3d6d25f\" data-e-action-hash=\"#elementor-action%3Aaction%3Dlightbox%26settings%3DeyJpZCI6MjY5LCJ1cmwiOiJodHRwczpcL1wvY2FzYWd1by5jb21cL3dwLWNvbnRlbnRcL3VwbG9hZHNcLzIwMjZcLzAxXC9JTUdfNDQzOC10b21hcy1aaHUtR3VvLXNjYWxlZC5qcGVnIiwic2xpZGVzaG93IjoiM2Q2ZDI1ZiJ9\" href=\"https:\/\/casaguo.com\/wp-content\/uploads\/2026\/01\/IMG_4438-tomas-Zhu-Guo-scaled.jpeg\"><figure class=\"swiper-slide-inner\"><img decoding=\"async\" class=\"swiper-slide-image\" src=\"https:\/\/casaguo.com\/wp-content\/uploads\/elementor\/thumbs\/IMG_4438-tomas-Zhu-Guo-scaled-rhed6dnl70l8t6zitp1p0a1vmicxpbabfapyq1f1bk.jpeg\" alt=\"\" \/><\/figure><\/a><\/div><div class=\"swiper-slide\" role=\"group\" aria-roledescription=\"slide\" aria-label=\"3 de 8\"><a data-elementor-open-lightbox=\"yes\" data-elementor-lightbox-slideshow=\"3d6d25f\" data-e-action-hash=\"#elementor-action%3Aaction%3Dlightbox%26settings%3DeyJpZCI6MjY4LCJ1cmwiOiJodHRwczpcL1wvY2FzYWd1by5jb21cL3dwLWNvbnRlbnRcL3VwbG9hZHNcLzIwMjZcLzAxXC9JTUdfNDQzNC10b21hcy1aaHUtR3VvLXNjYWxlZC5qcGVnIiwic2xpZGVzaG93IjoiM2Q2ZDI1ZiJ9\" href=\"https:\/\/casaguo.com\/wp-content\/uploads\/2026\/01\/IMG_4434-tomas-Zhu-Guo-scaled.jpeg\"><figure class=\"swiper-slide-inner\"><img decoding=\"async\" class=\"swiper-slide-image\" src=\"https:\/\/casaguo.com\/wp-content\/uploads\/elementor\/thumbs\/IMG_4434-tomas-Zhu-Guo-scaled-rhed672pv6c8jx92w47b0tpngt9d7fk72e5kd3osj4.jpeg\" alt=\"\" \/><\/figure><\/a><\/div><div class=\"swiper-slide\" role=\"group\" aria-roledescription=\"slide\" aria-label=\"4 de 8\"><a data-elementor-open-lightbox=\"yes\" data-elementor-lightbox-slideshow=\"3d6d25f\" data-e-action-hash=\"#elementor-action%3Aaction%3Dlightbox%26settings%3DeyJpZCI6MjY0LCJ1cmwiOiJodHRwczpcL1wvY2FzYWd1by5jb21cL3dwLWNvbnRlbnRcL3VwbG9hZHNcLzIwMjZcLzAxXC9JTUdfNDQzMC10b21hcy1aaHUtR3VvLXNjYWxlZC5qcGVnIiwic2xpZGVzaG93IjoiM2Q2ZDI1ZiJ9\" href=\"https:\/\/casaguo.com\/wp-content\/uploads\/2026\/01\/IMG_4430-tomas-Zhu-Guo-scaled.jpeg\"><figure class=\"swiper-slide-inner\"><img decoding=\"async\" class=\"swiper-slide-image\" src=\"https:\/\/casaguo.com\/wp-content\/uploads\/elementor\/thumbs\/IMG_4430-tomas-Zhu-Guo-scaled-rhed62dix05sxvfwnk666cwchvwj4y1jdqw4ypvre8.jpeg\" alt=\"\" \/><\/figure><\/a><\/div><div class=\"swiper-slide\" role=\"group\" aria-roledescription=\"slide\" aria-label=\"5 de 8\"><a data-elementor-open-lightbox=\"yes\" data-elementor-lightbox-slideshow=\"3d6d25f\" data-e-action-hash=\"#elementor-action%3Aaction%3Dlightbox%26settings%3DeyJpZCI6MjYzLCJ1cmwiOiJodHRwczpcL1wvY2FzYWd1by5jb21cL3dwLWNvbnRlbnRcL3VwbG9hZHNcLzIwMjZcLzAxXC9JTUdfNDQyNy10b21hcy1aaHUtR3VvLXNjYWxlZC5qcGVnIiwic2xpZGVzaG93IjoiM2Q2ZDI1ZiJ9\" href=\"https:\/\/casaguo.com\/wp-content\/uploads\/2026\/01\/IMG_4427-tomas-Zhu-Guo-scaled.jpeg\"><figure class=\"swiper-slide-inner\"><img decoding=\"async\" class=\"swiper-slide-image\" src=\"https:\/\/casaguo.com\/wp-content\/uploads\/elementor\/thumbs\/IMG_4427-tomas-Zhu-Guo-scaled-rhed5wqhrzy307o3khqerebkxkoburf5cyz83244fk.jpeg\" alt=\"\" \/><\/figure><\/a><\/div><div class=\"swiper-slide\" role=\"group\" aria-roledescription=\"slide\" aria-label=\"6 de 8\"><a data-elementor-open-lightbox=\"yes\" data-elementor-lightbox-slideshow=\"3d6d25f\" data-e-action-hash=\"#elementor-action%3Aaction%3Dlightbox%26settings%3DeyJpZCI6MjYyLCJ1cmwiOiJodHRwczpcL1wvY2FzYWd1by5jb21cL3dwLWNvbnRlbnRcL3VwbG9hZHNcLzIwMjZcLzAxXC9JTUdfNDQyNS10b21hcy1aaHUtR3VvLXNjYWxlZC5qcGVnIiwic2xpZGVzaG93IjoiM2Q2ZDI1ZiJ9\" href=\"https:\/\/casaguo.com\/wp-content\/uploads\/2026\/01\/IMG_4425-tomas-Zhu-Guo-scaled.jpeg\"><figure class=\"swiper-slide-inner\"><img decoding=\"async\" class=\"swiper-slide-image\" src=\"https:\/\/casaguo.com\/wp-content\/uploads\/elementor\/thumbs\/IMG_4425-tomas-Zhu-Guo-scaled-rhed5r3gmzqd2jwahfancfqtd9g4kksrc72b7echgw.jpeg\" alt=\"\" \/><\/figure><\/a><\/div><div class=\"swiper-slide\" role=\"group\" aria-roledescription=\"slide\" aria-label=\"7 de 8\"><a data-elementor-open-lightbox=\"yes\" data-elementor-lightbox-slideshow=\"3d6d25f\" data-e-action-hash=\"#elementor-action%3Aaction%3Dlightbox%26settings%3DeyJpZCI6MjYxLCJ1cmwiOiJodHRwczpcL1wvY2FzYWd1by5jb21cL3dwLWNvbnRlbnRcL3VwbG9hZHNcLzIwMjZcLzAxXC9lMmMyNjUyNS0wYTBmLTQzNjUtYjRmOS05YzE0OWQ2MDk5ODQtdG9tYXMtWmh1LUd1by5qcGVnIiwic2xpZGVzaG93IjoiM2Q2ZDI1ZiJ9\" href=\"https:\/\/casaguo.com\/wp-content\/uploads\/2026\/01\/e2c26525-0a0f-4365-b4f9-9c149d609984-tomas-Zhu-Guo.jpeg\"><figure class=\"swiper-slide-inner\"><img decoding=\"async\" class=\"swiper-slide-image\" src=\"https:\/\/casaguo.com\/wp-content\/uploads\/elementor\/thumbs\/e2c26525-0a0f-4365-b4f9-9c149d609984-tomas-Zhu-Guo-rhed5nc3vnl7s41r3do52goyzpynpsdtzogdaai25s.jpeg\" alt=\"\" \/><\/figure><\/a><\/div><div class=\"swiper-slide\" role=\"group\" aria-roledescription=\"slide\" aria-label=\"8 de 8\"><a data-elementor-open-lightbox=\"yes\" data-elementor-lightbox-slideshow=\"3d6d25f\" data-e-action-hash=\"#elementor-action%3Aaction%3Dlightbox%26settings%3DeyJpZCI6MjU3LCJ1cmwiOiJodHRwczpcL1wvY2FzYWd1by5jb21cL3dwLWNvbnRlbnRcL3VwbG9hZHNcLzIwMjZcLzAxXC83ODFiMDZhNi0zNzU1LTQ4ZjctOTkwZi1hMjRlMDkwOWIyNzAtdG9tYXMtWmh1LUd1by5qcGVnIiwic2xpZGVzaG93IjoiM2Q2ZDI1ZiJ9\" href=\"https:\/\/casaguo.com\/wp-content\/uploads\/2026\/01\/781b06a6-3755-48f7-990f-a24e0909b270-tomas-Zhu-Guo.jpeg\"><figure class=\"swiper-slide-inner\"><img decoding=\"async\" class=\"swiper-slide-image\" src=\"https:\/\/casaguo.com\/wp-content\/uploads\/elementor\/thumbs\/781b06a6-3755-48f7-990f-a24e0909b270-tomas-Zhu-Guo-rhed4nm8ny8bixhmvy8bfppgf2uplag16rnx1rz0q8.jpeg\" alt=\"\" \/><\/figure><\/a><\/div>\t\t\t<\/div>\n\t\t\t\t\t\t\t\n\t\t\t\t\t\t\t\t\t<\/div>\n\t\t\t\t\t\t<\/div>\n\t\t\t\t\t<\/div>\n\t\t\t\t<\/div>\n\t\t\t\t<\/div>","protected":false},"excerpt":{"rendered":"<p>Nuestros servicios Somos una tienda de alimentaci\u00f3n del barrio del Carmen donde encontrar\u00e1s snacks, dulces, bebidas y refrescos de todo tipo. Si algo no lo tenemos, te lo traemos por encargo para que no tengas que buscarlo en otro sitio. Adem\u00e1s, realizamos recargas de m\u00f3vil y vendemos contenido digital, para que puedas resolverlo todo de [&hellip;]<\/p>\n","protected":false},"author":1,"featured_media":0,"parent":0,"menu_order":0,"comment_status":"closed","ping_status":"closed","template":"elementor_canvas","meta":{"footnotes":""},"class_list":["post-25","page","type-page","status-publish","hentry"],"yoast_head":"<!-- This site is optimized with the Yoast SEO plugin v27.4 - https:\/\/yoast.com\/product\/yoast-seo-wordpress\/ -->\n<title>Servicios - Casa Guo<\/title>\n<meta name=\"robots\" content=\"index, follow, max-snippet:-1, max-image-preview:large, max-video-preview:-1\" \/>\n<link rel=\"canonical\" href=\"https:\/\/casaguo.com\/en\/servicios\/\" \/>\n<meta property=\"og:locale\" content=\"en_GB\" \/>\n<meta property=\"og:type\" content=\"article\" \/>\n<meta property=\"og:title\" content=\"Servicios - Casa Guo\" \/>\n<meta property=\"og:description\" content=\"Nuestros servicios Somos una tienda de alimentaci\u00f3n del barrio del Carmen donde encontrar\u00e1s snacks, dulces, bebidas y refrescos de todo tipo. Si algo no lo tenemos, te lo traemos por encargo para que no tengas que buscarlo en otro sitio. Adem\u00e1s, realizamos recargas de m\u00f3vil y vendemos contenido digital, para que puedas resolverlo todo de [&hellip;]\" \/>\n<meta property=\"og:url\" content=\"https:\/\/casaguo.com\/en\/servicios\/\" \/>\n<meta property=\"og:site_name\" content=\"Casa Guo\" \/>\n<meta property=\"article:modified_time\" content=\"2026-01-09T11:30:07+00:00\" \/>\n<meta property=\"og:image\" content=\"https:\/\/casaguo.com\/wp-content\/uploads\/2026\/01\/IMG_4439-tomas-Zhu-Guo-1024x768.jpeg\" \/>\n<meta name=\"twitter:card\" content=\"summary_large_image\" \/>\n<meta name=\"twitter:label1\" content=\"Estimated reading time\" \/>\n\t<meta name=\"twitter:data1\" content=\"4 minutes\" \/>\n<script type=\"application\/ld+json\" class=\"yoast-schema-graph\">{\"@context\":\"https:\\\/\\\/schema.org\",\"@graph\":[{\"@type\":\"WebPage\",\"@id\":\"https:\\\/\\\/casaguo.com\\\/servicios\\\/\",\"url\":\"https:\\\/\\\/casaguo.com\\\/servicios\\\/\",\"name\":\"Servicios - Casa Guo\",\"isPartOf\":{\"@id\":\"https:\\\/\\\/casaguo.com\\\/#website\"},\"primaryImageOfPage\":{\"@id\":\"https:\\\/\\\/casaguo.com\\\/servicios\\\/#primaryimage\"},\"image\":{\"@id\":\"https:\\\/\\\/casaguo.com\\\/servicios\\\/#primaryimage\"},\"thumbnailUrl\":\"https:\\\/\\\/casaguo.com\\\/wp-content\\\/uploads\\\/2026\\\/01\\\/IMG_4439-tomas-Zhu-Guo-1024x768.jpeg\",\"datePublished\":\"2026-01-09T09:26:26+00:00\",\"dateModified\":\"2026-01-09T11:30:07+00:00\",\"breadcrumb\":{\"@id\":\"https:\\\/\\\/casaguo.com\\\/servicios\\\/#breadcrumb\"},\"inLanguage\":\"en-GB\",\"potentialAction\":[{\"@type\":\"ReadAction\",\"target\":[\"https:\\\/\\\/casaguo.com\\\/servicios\\\/\"]}]},{\"@type\":\"ImageObject\",\"inLanguage\":\"en-GB\",\"@id\":\"https:\\\/\\\/casaguo.com\\\/servicios\\\/#primaryimage\",\"url\":\"https:\\\/\\\/casaguo.com\\\/wp-content\\\/uploads\\\/2026\\\/01\\\/IMG_4439-tomas-Zhu-Guo-1024x768.jpeg\",\"contentUrl\":\"https:\\\/\\\/casaguo.com\\\/wp-content\\\/uploads\\\/2026\\\/01\\\/IMG_4439-tomas-Zhu-Guo-1024x768.jpeg\"},{\"@type\":\"BreadcrumbList\",\"@id\":\"https:\\\/\\\/casaguo.com\\\/servicios\\\/#breadcrumb\",\"itemListElement\":[{\"@type\":\"ListItem\",\"position\":1,\"name\":\"Portada\",\"item\":\"https:\\\/\\\/casaguo.com\\\/\"},{\"@type\":\"ListItem\",\"position\":2,\"name\":\"Servicios\"}]},{\"@type\":\"WebSite\",\"@id\":\"https:\\\/\\\/casaguo.com\\\/#website\",\"url\":\"https:\\\/\\\/casaguo.com\\\/\",\"name\":\"Casa Guo\",\"description\":\"\",\"publisher\":{\"@id\":\"https:\\\/\\\/casaguo.com\\\/#organization\"},\"potentialAction\":[{\"@type\":\"SearchAction\",\"target\":{\"@type\":\"EntryPoint\",\"urlTemplate\":\"https:\\\/\\\/casaguo.com\\\/?s={search_term_string}\"},\"query-input\":{\"@type\":\"PropertyValueSpecification\",\"valueRequired\":true,\"valueName\":\"search_term_string\"}}],\"inLanguage\":\"en-GB\"},{\"@type\":\"Organization\",\"@id\":\"https:\\\/\\\/casaguo.com\\\/#organization\",\"name\":\"Casa Guo\",\"url\":\"https:\\\/\\\/casaguo.com\\\/\",\"logo\":{\"@type\":\"ImageObject\",\"inLanguage\":\"en-GB\",\"@id\":\"https:\\\/\\\/casaguo.com\\\/#\\\/schema\\\/logo\\\/image\\\/\",\"url\":\"https:\\\/\\\/casaguo.com\\\/wp-content\\\/uploads\\\/2026\\\/01\\\/cropped-ChatGPT-Image-Jan-9-2026-12_19_32-PM-e1767957800205.png\",\"contentUrl\":\"https:\\\/\\\/casaguo.com\\\/wp-content\\\/uploads\\\/2026\\\/01\\\/cropped-ChatGPT-Image-Jan-9-2026-12_19_32-PM-e1767957800205.png\",\"width\":1024,\"height\":654,\"caption\":\"Casa Guo\"},\"image\":{\"@id\":\"https:\\\/\\\/casaguo.com\\\/#\\\/schema\\\/logo\\\/image\\\/\"}}]}<\/script>\n<!-- \/ Yoast SEO plugin. -->","yoast_head_json":{"title":"Servicios - Casa Guo","robots":{"index":"index","follow":"follow","max-snippet":"max-snippet:-1","max-image-preview":"max-image-preview:large","max-video-preview":"max-video-preview:-1"},"canonical":"https:\/\/casaguo.com\/en\/servicios\/","og_locale":"en_GB","og_type":"article","og_title":"Servicios - Casa Guo","og_description":"Nuestros servicios Somos una tienda de alimentaci\u00f3n del barrio del Carmen donde encontrar\u00e1s snacks, dulces, bebidas y refrescos de todo tipo. Si algo no lo tenemos, te lo traemos por encargo para que no tengas que buscarlo en otro sitio. Adem\u00e1s, realizamos recargas de m\u00f3vil y vendemos contenido digital, para que puedas resolverlo todo de [&hellip;]","og_url":"https:\/\/casaguo.com\/en\/servicios\/","og_site_name":"Casa Guo","article_modified_time":"2026-01-09T11:30:07+00:00","og_image":[{"url":"https:\/\/casaguo.com\/wp-content\/uploads\/2026\/01\/IMG_4439-tomas-Zhu-Guo-1024x768.jpeg","type":"","width":"","height":""}],"twitter_card":"summary_large_image","twitter_misc":{"Estimated reading time":"4 minutes"},"schema":{"@context":"https:\/\/schema.org","@graph":[{"@type":"WebPage","@id":"https:\/\/casaguo.com\/servicios\/","url":"https:\/\/casaguo.com\/servicios\/","name":"Servicios - Casa Guo","isPartOf":{"@id":"https:\/\/casaguo.com\/#website"},"primaryImageOfPage":{"@id":"https:\/\/casaguo.com\/servicios\/#primaryimage"},"image":{"@id":"https:\/\/casaguo.com\/servicios\/#primaryimage"},"thumbnailUrl":"https:\/\/casaguo.com\/wp-content\/uploads\/2026\/01\/IMG_4439-tomas-Zhu-Guo-1024x768.jpeg","datePublished":"2026-01-09T09:26:26+00:00","dateModified":"2026-01-09T11:30:07+00:00","breadcrumb":{"@id":"https:\/\/casaguo.com\/servicios\/#breadcrumb"},"inLanguage":"en-GB","potentialAction":[{"@type":"ReadAction","target":["https:\/\/casaguo.com\/servicios\/"]}]},{"@type":"ImageObject","inLanguage":"en-GB","@id":"https:\/\/casaguo.com\/servicios\/#primaryimage","url":"https:\/\/casaguo.com\/wp-content\/uploads\/2026\/01\/IMG_4439-tomas-Zhu-Guo-1024x768.jpeg","contentUrl":"https:\/\/casaguo.com\/wp-content\/uploads\/2026\/01\/IMG_4439-tomas-Zhu-Guo-1024x768.jpeg"},{"@type":"BreadcrumbList","@id":"https:\/\/casaguo.com\/servicios\/#breadcrumb","itemListElement":[{"@type":"ListItem","position":1,"name":"Portada","item":"https:\/\/casaguo.com\/"},{"@type":"ListItem","position":2,"name":"Servicios"}]},{"@type":"WebSite","@id":"https:\/\/casaguo.com\/#website","url":"https:\/\/casaguo.com\/","name":"Casa Guo","description":"","publisher":{"@id":"https:\/\/casaguo.com\/#organization"},"potentialAction":[{"@type":"SearchAction","target":{"@type":"EntryPoint","urlTemplate":"https:\/\/casaguo.com\/?s={search_term_string}"},"query-input":{"@type":"PropertyValueSpecification","valueRequired":true,"valueName":"search_term_string"}}],"inLanguage":"en-GB"},{"@type":"Organization","@id":"https:\/\/casaguo.com\/#organization","name":"Casa Guo","url":"https:\/\/casaguo.com\/","logo":{"@type":"ImageObject","inLanguage":"en-GB","@id":"https:\/\/casaguo.com\/#\/schema\/logo\/image\/","url":"https:\/\/casaguo.com\/wp-content\/uploads\/2026\/01\/cropped-ChatGPT-Image-Jan-9-2026-12_19_32-PM-e1767957800205.png","contentUrl":"https:\/\/casaguo.com\/wp-content\/uploads\/2026\/01\/cropped-ChatGPT-Image-Jan-9-2026-12_19_32-PM-e1767957800205.png","width":1024,"height":654,"caption":"Casa Guo"},"image":{"@id":"https:\/\/casaguo.com\/#\/schema\/logo\/image\/"}}]}},"_links":{"self":[{"href":"https:\/\/casaguo.com\/en\/wp-json\/wp\/v2\/pages\/25","targetHints":{"allow":["GET"]}}],"collection":[{"href":"https:\/\/casaguo.com\/en\/wp-json\/wp\/v2\/pages"}],"about":[{"href":"https:\/\/casaguo.com\/en\/wp-json\/wp\/v2\/types\/page"}],"author":[{"embeddable":true,"href":"https:\/\/casaguo.com\/en\/wp-json\/wp\/v2\/users\/1"}],"replies":[{"embeddable":true,"href":"https:\/\/casaguo.com\/en\/wp-json\/wp\/v2\/comments?post=25"}],"version-history":[{"count":79,"href":"https:\/\/casaguo.com\/en\/wp-json\/wp\/v2\/pages\/25\/revisions"}],"predecessor-version":[{"id":412,"href":"https:\/\/casaguo.com\/en\/wp-json\/wp\/v2\/pages\/25\/revisions\/412"}],"wp:attachment":[{"href":"https:\/\/casaguo.com\/en\/wp-json\/wp\/v2\/media?parent=25"}],"curies":[{"name":"wp","href":"https:\/\/api.w.org\/{rel}","templated":true}]}}